{"id":87,"date":"2023-11-07T14:39:51","date_gmt":"2023-11-07T19:39:51","guid":{"rendered":"https:\/\/bytesjobs.com\/a-propos\/"},"modified":"2023-11-08T16:33:20","modified_gmt":"2023-11-08T21:33:20","slug":"a-propos","status":"publish","type":"page","link":"https:\/\/bytesjobs.com\/fr\/a-propos\/","title":{"rendered":"\u00c0 propos"},"content":{"rendered":"<div  class='flex_column av-11bh7-a6e9b953d72c902950f6afd25b86a38a av_one_full  avia-builder-el-0  avia-builder-el-no-sibling  first flex_column_div  '     ><p>\n<style type=\"text\/css\" data-created_by=\"avia_inline_auto\" id=\"style-css-av-looqm672-3d4337ccfc1a725f5ecadac201bb04a3\">\n#top .av-special-heading.av-looqm672-3d4337ccfc1a725f5ecadac201bb04a3{\npadding-bottom:10px;\n}\nbody .av-special-heading.av-looqm672-3d4337ccfc1a725f5ecadac201bb04a3 .av-special-heading-tag .heading-char{\nfont-size:25px;\n}\n.av-special-heading.av-looqm672-3d4337ccfc1a725f5ecadac201bb04a3 .av-subheading{\nfont-size:15px;\n}\n<\/style>\n<div  class='av-special-heading av-looqm672-3d4337ccfc1a725f5ecadac201bb04a3 av-special-heading-h2  avia-builder-el-1  el_before_av_textblock  avia-builder-el-first '><h2 class='av-special-heading-tag'  itemprop=\"headline\"  > Explorez BytesJobs.com \u2013 L\u2019acc\u00e9l\u00e9rateur de votre parcours professionnel en TI, par 2HR Technologie Corporation Lt\u00e9e.<\/h2><div class=\"special-heading-border\"><div class=\"special-heading-inner-border\"><\/div><\/div><\/div><br \/>\n<section  class='av_textblock_section av-looqjds1-7c3c8da324694f3b7e6305e99b4439d3 '   itemscope=\"itemscope\" itemtype=\"https:\/\/schema.org\/CreativeWork\" ><div class='avia_textblock'  itemprop=\"text\" ><p>Bienvenue sur BytesJobs.com, une initiative innovante de 2HR Technologie Corporation Lt\u00e9e, connue pour la cr\u00e9ation des plateformes \u00e0 succ\u00e8s CanadaMotorJobs.com et USAMotorJobs.com. Forts d&rsquo;une histoire de mise en relation de talents et d&rsquo;opportunit\u00e9s dans le secteur automobile, nous \u00e9tendons maintenant notre savoir-faire au domaine dynamique de l&rsquo;IT.<br \/>\n<img loading=\"lazy\" decoding=\"async\" class=\" wp-image-53 alignright\" src=\"https:\/\/bytesjobs.com\/wp-content\/uploads\/2023\/11\/about-us-300x171.png\" alt=\"About bytesjobs.com\" width=\"565\" height=\"322\" srcset=\"https:\/\/bytesjobs.com\/wp-content\/uploads\/2023\/11\/about-us-300x171.png 300w, https:\/\/bytesjobs.com\/wp-content\/uploads\/2023\/11\/about-us-1024x585.png 1024w, https:\/\/bytesjobs.com\/wp-content\/uploads\/2023\/11\/about-us-768x439.png 768w, https:\/\/bytesjobs.com\/wp-content\/uploads\/2023\/11\/about-us-1536x878.png 1536w, https:\/\/bytesjobs.com\/wp-content\/uploads\/2023\/11\/about-us-1500x857.png 1500w, https:\/\/bytesjobs.com\/wp-content\/uploads\/2023\/11\/about-us-705x403.png 705w, https:\/\/bytesjobs.com\/wp-content\/uploads\/2023\/11\/about-us.png 1792w\" sizes=\"auto, (max-width: 565px) 100vw, 565px\" \/><br \/>\n&nbsp;<\/p>\n<p><strong>Notre Parcours<\/strong><\/p>\n<p>Depuis 2019, 2HR Technologie Corporation Lt\u00e9e est \u00e0 l&rsquo;avant-garde des solutions de recrutement sp\u00e9cifiques au secteur. Reconnaissant le besoin croissant de services de recrutement IT sp\u00e9cialis\u00e9s, BytesJobs.com est notre r\u00e9ponse, construite avec le m\u00eame engagement envers l&rsquo;excellence qui a caract\u00e9ris\u00e9 notre parcours.<\/p>\n<p><strong>Notre Mission<\/strong><\/p>\n<p>BytesJobs.com vise \u00e0 \u00e9tablir des connexions significatives qui autonomisent les individus et stimulent les entreprises. Nous utilisons la technologie pour combler le foss\u00e9 entre les chercheurs d&#8217;emploi en IT et les employeurs, persuad\u00e9s qu&rsquo;un bon emploi peut changer la vie d&rsquo;une personne tout comme la bonne personne peut transformer une entreprise.<\/p>\n<p><strong>Notre Expertise<\/strong><\/p>\n<p>Profitant de notre exp\u00e9rience avec CanadaMotorJobs.com et USAMotorJobs.com, nous apportons une connaissance approfondie du recrutement, une compr\u00e9hension profonde des besoins du march\u00e9 et un r\u00e9seau qui s&rsquo;\u00e9tend \u00e0 travers l&rsquo;Am\u00e9rique du Nord. Nous mettons cette expertise \u00e0 profit pour cr\u00e9er une plateforme solide pour l&rsquo;industrie IT, veillant \u00e0 ce que BytesJobs.com devienne synonyme de progression de carri\u00e8re en IT.<\/p>\n<p><strong>Notre Promesse<\/strong><\/p>\n<p>Nous nous engageons \u00e0 offrir une exp\u00e9rience utilisateur aussi innovante que l&rsquo;industrie que nous desservons. BytesJobs.com est con\u00e7u pour \u00eatre intuitif, efficace et r\u00e9actif, garantissant que nos utilisateurs\u2014qu&rsquo;il s&rsquo;agisse de chercheurs d&#8217;emploi ou d&#8217;employeurs\u2014puissent compter sur nous pour r\u00e9pondre \u00e0 leurs besoins avec pr\u00e9cision et professionnalisme.<\/p>\n<p><strong>Notre Invitation<\/strong><\/p>\n<p>Rejoignez-nous dans cette aventure excitante. Que vous cherchiez \u00e0 faire avancer votre carri\u00e8re en IT ou que vous soyez un employeur d\u00e9sireux d&rsquo;attirer les meilleurs talents technologiques, BytesJobs.com est votre partenaire de confiance. Construisons ensemble l&rsquo;avenir du recrutement en IT.<\/p>\n<p><strong>Connectez avec Nous<\/strong><\/p>\n<p>Nous sommes plus qu&rsquo;une simple plateforme ; nous sommes une communaut\u00e9. Restez en contact avec BytesJobs.com pour les derni\u00e8res opportunit\u00e9s de carri\u00e8re en IT et les tendances de l&rsquo;industrie. Ensemble, nous naviguerons dans le paysage dynamique de l&#8217;emploi technologique.<\/p>\n<\/div><\/section><\/p><\/div>\n","protected":false},"excerpt":{"rendered":"","protected":false},"author":1,"featured_media":54,"parent":0,"menu_order":0,"comment_status":"closed","ping_status":"closed","template":"","meta":{"footnotes":""},"class_list":["post-87","page","type-page","status-publish","has-post-thumbnail","hentry"],"yoast_head":"<!-- This site is optimized with the Yoast SEO plugin v27.5 - https:\/\/yoast.com\/product\/yoast-seo-wordpress\/ -->\n<title>\u00c0 propos de Bytesjobs.com<\/title>\n<meta name=\"description\" content=\"BytesJobs.com est une entreprise innovante cr\u00e9\u00e9e par 2HR Technologie Corporation Lt\u00e9e., qui connais du succ\u00e8s avec ses plateformes dans d&#039;autres secteurs. Nous apportons notre expertise en rapprochant les talents et les opportunit\u00e9s vers l&#039;univers effervescent des technologies de l&#039;information.\" \/>\n<meta name=\"robots\" content=\"index, follow, max-snippet:-1, max-image-preview:large, max-video-preview:-1\" \/>\n<link rel=\"canonical\" href=\"https:\/\/bytesjobs.com\/fr\/a-propos\/\" \/>\n<meta property=\"og:locale\" content=\"fr_FR\" \/>\n<meta property=\"og:type\" content=\"article\" \/>\n<meta property=\"og:title\" content=\"\u00c0 propos de Bytesjobs.com\" \/>\n<meta property=\"og:description\" content=\"BytesJobs.com est une entreprise innovante cr\u00e9\u00e9e par 2HR Technologie Corporation Lt\u00e9e., qui connais du succ\u00e8s avec ses plateformes dans d&#039;autres secteurs. Nous apportons notre expertise en rapprochant les talents et les opportunit\u00e9s vers l&#039;univers effervescent des technologies de l&#039;information.\" \/>\n<meta property=\"og:url\" content=\"https:\/\/bytesjobs.com\/fr\/a-propos\/\" \/>\n<meta property=\"og:site_name\" content=\"BytesJobs\" \/>\n<meta property=\"article:modified_time\" content=\"2023-11-08T21:33:20+00:00\" \/>\n<meta property=\"og:image\" content=\"https:\/\/bytesjobs.com\/wp-content\/uploads\/2023\/11\/about-us-1024x585.png\" \/>\n\t<meta property=\"og:image:width\" content=\"1024\" \/>\n\t<meta property=\"og:image:height\" content=\"585\" \/>\n\t<meta property=\"og:image:type\" content=\"image\/png\" \/>\n<meta name=\"twitter:card\" content=\"summary_large_image\" \/>\n<meta name=\"twitter:label1\" content=\"Dur\u00e9e de lecture estim\u00e9e\" \/>\n\t<meta name=\"twitter:data1\" content=\"6 minutes\" \/>\n<script type=\"application\/ld+json\" class=\"yoast-schema-graph\">{\"@context\":\"https:\\\/\\\/schema.org\",\"@graph\":[{\"@type\":\"WebPage\",\"@id\":\"https:\\\/\\\/bytesjobs.com\\\/fr\\\/a-propos\\\/\",\"url\":\"https:\\\/\\\/bytesjobs.com\\\/fr\\\/a-propos\\\/\",\"name\":\"\u00c0 propos de Bytesjobs.com\",\"isPartOf\":{\"@id\":\"https:\\\/\\\/bytesjobs.com\\\/fr\\\/#website\"},\"primaryImageOfPage\":{\"@id\":\"https:\\\/\\\/bytesjobs.com\\\/fr\\\/a-propos\\\/#primaryimage\"},\"image\":{\"@id\":\"https:\\\/\\\/bytesjobs.com\\\/fr\\\/a-propos\\\/#primaryimage\"},\"thumbnailUrl\":\"https:\\\/\\\/bytesjobs.com\\\/wp-content\\\/uploads\\\/2023\\\/11\\\/about-us.png\",\"datePublished\":\"2023-11-07T19:39:51+00:00\",\"dateModified\":\"2023-11-08T21:33:20+00:00\",\"description\":\"BytesJobs.com est une entreprise innovante cr\u00e9\u00e9e par 2HR Technologie Corporation Lt\u00e9e., qui connais du succ\u00e8s avec ses plateformes dans d'autres secteurs. Nous apportons notre expertise en rapprochant les talents et les opportunit\u00e9s vers l'univers effervescent des technologies de l'information.\",\"breadcrumb\":{\"@id\":\"https:\\\/\\\/bytesjobs.com\\\/fr\\\/a-propos\\\/#breadcrumb\"},\"inLanguage\":\"fr-FR\",\"potentialAction\":[{\"@type\":\"ReadAction\",\"target\":[\"https:\\\/\\\/bytesjobs.com\\\/fr\\\/a-propos\\\/\"]}]},{\"@type\":\"ImageObject\",\"inLanguage\":\"fr-FR\",\"@id\":\"https:\\\/\\\/bytesjobs.com\\\/fr\\\/a-propos\\\/#primaryimage\",\"url\":\"https:\\\/\\\/bytesjobs.com\\\/wp-content\\\/uploads\\\/2023\\\/11\\\/about-us.png\",\"contentUrl\":\"https:\\\/\\\/bytesjobs.com\\\/wp-content\\\/uploads\\\/2023\\\/11\\\/about-us.png\",\"width\":1792,\"height\":1024,\"caption\":\"About bytesjobs.com\"},{\"@type\":\"BreadcrumbList\",\"@id\":\"https:\\\/\\\/bytesjobs.com\\\/fr\\\/a-propos\\\/#breadcrumb\",\"itemListElement\":[{\"@type\":\"ListItem\",\"position\":1,\"name\":\"Home\",\"item\":\"https:\\\/\\\/bytesjobs.com\\\/fr\\\/\"},{\"@type\":\"ListItem\",\"position\":2,\"name\":\"\u00c0 propos\"}]},{\"@type\":\"WebSite\",\"@id\":\"https:\\\/\\\/bytesjobs.com\\\/fr\\\/#website\",\"url\":\"https:\\\/\\\/bytesjobs.com\\\/fr\\\/\",\"name\":\"BytesJobs.com\",\"description\":\"IT Jobs around the world\",\"publisher\":{\"@id\":\"https:\\\/\\\/bytesjobs.com\\\/fr\\\/#organization\"},\"potentialAction\":[{\"@type\":\"SearchAction\",\"target\":{\"@type\":\"EntryPoint\",\"urlTemplate\":\"https:\\\/\\\/bytesjobs.com\\\/fr\\\/?s={search_term_string}\"},\"query-input\":{\"@type\":\"PropertyValueSpecification\",\"valueRequired\":true,\"valueName\":\"search_term_string\"}}],\"inLanguage\":\"fr-FR\"},{\"@type\":\"Organization\",\"@id\":\"https:\\\/\\\/bytesjobs.com\\\/fr\\\/#organization\",\"name\":\"BytesJobs.com\",\"url\":\"https:\\\/\\\/bytesjobs.com\\\/fr\\\/\",\"logo\":{\"@type\":\"ImageObject\",\"inLanguage\":\"fr-FR\",\"@id\":\"https:\\\/\\\/bytesjobs.com\\\/fr\\\/#\\\/schema\\\/logo\\\/image\\\/\",\"url\":\"https:\\\/\\\/bytesjobs.com\\\/wp-content\\\/uploads\\\/2023\\\/11\\\/logo-bytes-jobs.png\",\"contentUrl\":\"https:\\\/\\\/bytesjobs.com\\\/wp-content\\\/uploads\\\/2023\\\/11\\\/logo-bytes-jobs.png\",\"width\":720,\"height\":320,\"caption\":\"BytesJobs.com\"},\"image\":{\"@id\":\"https:\\\/\\\/bytesjobs.com\\\/fr\\\/#\\\/schema\\\/logo\\\/image\\\/\"}}]}<\/script>\n<!-- \/ Yoast SEO plugin. -->","yoast_head_json":{"title":"\u00c0 propos de Bytesjobs.com","description":"BytesJobs.com est une entreprise innovante cr\u00e9\u00e9e par 2HR Technologie Corporation Lt\u00e9e., qui connais du succ\u00e8s avec ses plateformes dans d'autres secteurs. Nous apportons notre expertise en rapprochant les talents et les opportunit\u00e9s vers l'univers effervescent des technologies de l'information.","robots":{"index":"index","follow":"follow","max-snippet":"max-snippet:-1","max-image-preview":"max-image-preview:large","max-video-preview":"max-video-preview:-1"},"canonical":"https:\/\/bytesjobs.com\/fr\/a-propos\/","og_locale":"fr_FR","og_type":"article","og_title":"\u00c0 propos de Bytesjobs.com","og_description":"BytesJobs.com est une entreprise innovante cr\u00e9\u00e9e par 2HR Technologie Corporation Lt\u00e9e., qui connais du succ\u00e8s avec ses plateformes dans d'autres secteurs. Nous apportons notre expertise en rapprochant les talents et les opportunit\u00e9s vers l'univers effervescent des technologies de l'information.","og_url":"https:\/\/bytesjobs.com\/fr\/a-propos\/","og_site_name":"BytesJobs","article_modified_time":"2023-11-08T21:33:20+00:00","og_image":[{"width":1024,"height":585,"url":"https:\/\/bytesjobs.com\/wp-content\/uploads\/2023\/11\/about-us-1024x585.png","type":"image\/png"}],"twitter_card":"summary_large_image","twitter_misc":{"Dur\u00e9e de lecture estim\u00e9e":"6 minutes"},"schema":{"@context":"https:\/\/schema.org","@graph":[{"@type":"WebPage","@id":"https:\/\/bytesjobs.com\/fr\/a-propos\/","url":"https:\/\/bytesjobs.com\/fr\/a-propos\/","name":"\u00c0 propos de Bytesjobs.com","isPartOf":{"@id":"https:\/\/bytesjobs.com\/fr\/#website"},"primaryImageOfPage":{"@id":"https:\/\/bytesjobs.com\/fr\/a-propos\/#primaryimage"},"image":{"@id":"https:\/\/bytesjobs.com\/fr\/a-propos\/#primaryimage"},"thumbnailUrl":"https:\/\/bytesjobs.com\/wp-content\/uploads\/2023\/11\/about-us.png","datePublished":"2023-11-07T19:39:51+00:00","dateModified":"2023-11-08T21:33:20+00:00","description":"BytesJobs.com est une entreprise innovante cr\u00e9\u00e9e par 2HR Technologie Corporation Lt\u00e9e., qui connais du succ\u00e8s avec ses plateformes dans d'autres secteurs. Nous apportons notre expertise en rapprochant les talents et les opportunit\u00e9s vers l'univers effervescent des technologies de l'information.","breadcrumb":{"@id":"https:\/\/bytesjobs.com\/fr\/a-propos\/#breadcrumb"},"inLanguage":"fr-FR","potentialAction":[{"@type":"ReadAction","target":["https:\/\/bytesjobs.com\/fr\/a-propos\/"]}]},{"@type":"ImageObject","inLanguage":"fr-FR","@id":"https:\/\/bytesjobs.com\/fr\/a-propos\/#primaryimage","url":"https:\/\/bytesjobs.com\/wp-content\/uploads\/2023\/11\/about-us.png","contentUrl":"https:\/\/bytesjobs.com\/wp-content\/uploads\/2023\/11\/about-us.png","width":1792,"height":1024,"caption":"About bytesjobs.com"},{"@type":"BreadcrumbList","@id":"https:\/\/bytesjobs.com\/fr\/a-propos\/#breadcrumb","itemListElement":[{"@type":"ListItem","position":1,"name":"Home","item":"https:\/\/bytesjobs.com\/fr\/"},{"@type":"ListItem","position":2,"name":"\u00c0 propos"}]},{"@type":"WebSite","@id":"https:\/\/bytesjobs.com\/fr\/#website","url":"https:\/\/bytesjobs.com\/fr\/","name":"BytesJobs.com","description":"IT Jobs around the world","publisher":{"@id":"https:\/\/bytesjobs.com\/fr\/#organization"},"potentialAction":[{"@type":"SearchAction","target":{"@type":"EntryPoint","urlTemplate":"https:\/\/bytesjobs.com\/fr\/?s={search_term_string}"},"query-input":{"@type":"PropertyValueSpecification","valueRequired":true,"valueName":"search_term_string"}}],"inLanguage":"fr-FR"},{"@type":"Organization","@id":"https:\/\/bytesjobs.com\/fr\/#organization","name":"BytesJobs.com","url":"https:\/\/bytesjobs.com\/fr\/","logo":{"@type":"ImageObject","inLanguage":"fr-FR","@id":"https:\/\/bytesjobs.com\/fr\/#\/schema\/logo\/image\/","url":"https:\/\/bytesjobs.com\/wp-content\/uploads\/2023\/11\/logo-bytes-jobs.png","contentUrl":"https:\/\/bytesjobs.com\/wp-content\/uploads\/2023\/11\/logo-bytes-jobs.png","width":720,"height":320,"caption":"BytesJobs.com"},"image":{"@id":"https:\/\/bytesjobs.com\/fr\/#\/schema\/logo\/image\/"}}]}},"_links":{"self":[{"href":"https:\/\/bytesjobs.com\/fr\/wp-json\/wp\/v2\/pages\/87","targetHints":{"allow":["GET"]}}],"collection":[{"href":"https:\/\/bytesjobs.com\/fr\/wp-json\/wp\/v2\/pages"}],"about":[{"href":"https:\/\/bytesjobs.com\/fr\/wp-json\/wp\/v2\/types\/page"}],"author":[{"embeddable":true,"href":"https:\/\/bytesjobs.com\/fr\/wp-json\/wp\/v2\/users\/1"}],"replies":[{"embeddable":true,"href":"https:\/\/bytesjobs.com\/fr\/wp-json\/wp\/v2\/comments?post=87"}],"version-history":[{"count":5,"href":"https:\/\/bytesjobs.com\/fr\/wp-json\/wp\/v2\/pages\/87\/revisions"}],"predecessor-version":[{"id":95,"href":"https:\/\/bytesjobs.com\/fr\/wp-json\/wp\/v2\/pages\/87\/revisions\/95"}],"wp:featuredmedia":[{"embeddable":true,"href":"https:\/\/bytesjobs.com\/fr\/wp-json\/wp\/v2\/media\/54"}],"wp:attachment":[{"href":"https:\/\/bytesjobs.com\/fr\/wp-json\/wp\/v2\/media?parent=87"}],"curies":[{"name":"wp","href":"https:\/\/api.w.org\/{rel}","templated":true}]}}