{"id":83,"date":"2023-11-07T14:15:33","date_gmt":"2023-11-07T19:15:33","guid":{"rendered":"https:\/\/bytesjobs.com\/infolettre\/"},"modified":"2023-11-08T16:57:25","modified_gmt":"2023-11-08T21:57:25","slug":"infolettre","status":"publish","type":"page","link":"https:\/\/bytesjobs.com\/fr\/infolettre\/","title":{"rendered":"Infolettre"},"content":{"rendered":"\n<style type=\"text\/css\" data-created_by=\"avia_inline_auto\" id=\"style-css-av-loqaw7cg-1c8524dceb00e43803a7bdf13da12263\">\n.avia-image-container.av-loqaw7cg-1c8524dceb00e43803a7bdf13da12263 img.avia_image{\nbox-shadow:none;\n}\n.avia-image-container.av-loqaw7cg-1c8524dceb00e43803a7bdf13da12263 .av-image-caption-overlay-center{\ncolor:#ffffff;\n}\n<\/style>\n<div  class='avia-image-container av-loqaw7cg-1c8524dceb00e43803a7bdf13da12263 av-styling- avia-align-center  avia-builder-el-0  el_before_av_textblock  avia-builder-el-first '   itemprop=\"image\" itemscope=\"itemscope\" itemtype=\"https:\/\/schema.org\/ImageObject\" ><div class=\"avia-image-container-inner\"><div class=\"avia-image-overlay-wrap\"><img decoding=\"async\" fetchpriority=\"high\" class='wp-image-97 avia-img-lazy-loading-not-97 avia_image ' src=\"https:\/\/bytesjobs.com\/wp-content\/uploads\/2023\/11\/Newsletter.png\" alt='Newsletter bytesjobs.com' title='Newsletter'  height=\"1024\" width=\"1792\"  itemprop=\"thumbnailUrl\" srcset=\"https:\/\/bytesjobs.com\/wp-content\/uploads\/2023\/11\/Newsletter.png 1792w, https:\/\/bytesjobs.com\/wp-content\/uploads\/2023\/11\/Newsletter-300x171.png 300w, https:\/\/bytesjobs.com\/wp-content\/uploads\/2023\/11\/Newsletter-1024x585.png 1024w, https:\/\/bytesjobs.com\/wp-content\/uploads\/2023\/11\/Newsletter-768x439.png 768w, https:\/\/bytesjobs.com\/wp-content\/uploads\/2023\/11\/Newsletter-1536x878.png 1536w, https:\/\/bytesjobs.com\/wp-content\/uploads\/2023\/11\/Newsletter-1500x857.png 1500w, https:\/\/bytesjobs.com\/wp-content\/uploads\/2023\/11\/Newsletter-705x403.png 705w\" sizes=\"(max-width: 1792px) 100vw, 1792px\" \/><\/div><\/div><\/div>\n<section  class='av_textblock_section av-looq65be-50788d2d816c8366343e9644cf90886c '   itemscope=\"itemscope\" itemtype=\"https:\/\/schema.org\/CreativeWork\" ><div class='avia_textblock'  itemprop=\"text\" ><p>Restez \u00e0 la pointe du monde effr\u00e9n\u00e9 des carri\u00e8res technologiques avec BytesJobs.com. Notre bulletin d&rsquo;information est votre source pour les derni\u00e8res offres d&#8217;emploi en IT, les aper\u00e7us de l&rsquo;industrie et les conseils pour l&rsquo;avancement de carri\u00e8re. Que vous recherchiez votre premier poste en technologie ou que vous soyez un professionnel aguerri, nous adaptons notre contenu \u00e0 votre parcours.<\/p>\n<p><strong>Pourquoi s&rsquo;abonner ?<\/strong><\/p>\n<ul>\n<li><strong>Alertes d&#8217;emploi exclusives :<\/strong> Recevez des notifications anticip\u00e9es sur les nouvelles offres qui correspondent \u00e0 votre ensemble de comp\u00e9tences et \u00e0 vos int\u00e9r\u00eats de carri\u00e8re.<\/li>\n<li><strong>Tendances de l&rsquo;industrie :<\/strong> Gardez un \u0153il sur le secteur technologique avec des mises \u00e0 jour sur les technologies \u00e9mergentes et les aper\u00e7us du march\u00e9.<\/li>\n<li><strong>Ressources de carri\u00e8re :<\/strong> Des conseils pour r\u00e9diger votre CV aux strat\u00e9gies d&rsquo;entretien, nos ressources peuvent vous aider \u00e0 atteindre votre prochain jalon de carri\u00e8re.<\/li>\n<li><strong>\u00c9v\u00e9nements communautaires :<\/strong> Soyez le premier \u00e0 conna\u00eetre les webinaires, rencontres et opportunit\u00e9s de r\u00e9seautage qui peuvent vous connecter avec des professionnels aux vues similaires et des leaders de l&rsquo;industrie. Abonnez-vous maintenant et faites le premier pas pour enrichir votre parcours professionnel.<\/li>\n<\/ul>\n<p><strong>Entrez simplement votre email ci-dessous et exploitez le potentiel de BytesJobs.com \u2013 o\u00f9 les talents technologiques prosp\u00e8rent.<\/strong><\/p>\n<\/div><\/section>\n<section  class='av_textblock_section av-r62n-9a76b1035e6b9e58342781b20c5e34b6 '   itemscope=\"itemscope\" itemtype=\"https:\/\/schema.org\/CreativeWork\" ><div class='avia_textblock'  itemprop=\"text\" ><div class=\"tnp tnp-subscription \">\n<form method=\"post\" action=\"https:\/\/bytesjobs.com\/fr\/?na=s\">\n<input type=\"hidden\" name=\"nlang\" value=\"fr\">\n<div class=\"tnp-field tnp-field-email\"><label for=\"tnp-1\">E-mail<\/label>\n<input class=\"tnp-email\" type=\"email\" name=\"ne\" id=\"tnp-1\" value=\"\" placeholder=\"\" required><\/div>\n<div class=\"tnp-field tnp-privacy-field\"><label><input type=\"checkbox\" name=\"ny\" required class=\"tnp-privacy\"> <a target=\"_blank\" href=\"https:\/\/bytesjobs.com\/term-of-use\/\" rel=\"noopener\">J&#039;accepte la politique de confidentialit\u00e9<\/a><\/label><\/div><div class=\"tnp-field tnp-field-button\" style=\"text-align: left\"><input class=\"tnp-submit\" type=\"submit\" value=\"S&#039;abonner\" style=\"\">\n<\/div>\n<\/form>\n<\/div>\n\n<\/div><\/section>\n","protected":false},"excerpt":{"rendered":"","protected":false},"author":1,"featured_media":0,"parent":0,"menu_order":0,"comment_status":"closed","ping_status":"closed","template":"","meta":{"footnotes":""},"class_list":["post-83","page","type-page","status-publish","hentry"],"yoast_head":"<!-- This site is optimized with the Yoast SEO plugin v27.5 - https:\/\/yoast.com\/product\/yoast-seo-wordpress\/ -->\n<title>Infolettre - BytesJobs<\/title>\n<meta name=\"robots\" content=\"index, follow, max-snippet:-1, max-image-preview:large, max-video-preview:-1\" \/>\n<link rel=\"canonical\" href=\"https:\/\/bytesjobs.com\/fr\/infolettre\/\" \/>\n<meta property=\"og:locale\" content=\"fr_FR\" \/>\n<meta property=\"og:type\" content=\"article\" \/>\n<meta property=\"og:title\" content=\"Infolettre - BytesJobs\" \/>\n<meta property=\"og:url\" content=\"https:\/\/bytesjobs.com\/fr\/infolettre\/\" \/>\n<meta property=\"og:site_name\" content=\"BytesJobs\" \/>\n<meta property=\"article:modified_time\" content=\"2023-11-08T21:57:25+00:00\" \/>\n<meta name=\"twitter:card\" content=\"summary_large_image\" \/>\n<meta name=\"twitter:label1\" content=\"Dur\u00e9e de lecture estim\u00e9e\" \/>\n\t<meta name=\"twitter:data1\" content=\"2 minutes\" \/>\n<script type=\"application\/ld+json\" class=\"yoast-schema-graph\">{\"@context\":\"https:\\\/\\\/schema.org\",\"@graph\":[{\"@type\":\"WebPage\",\"@id\":\"https:\\\/\\\/bytesjobs.com\\\/fr\\\/infolettre\\\/\",\"url\":\"https:\\\/\\\/bytesjobs.com\\\/fr\\\/infolettre\\\/\",\"name\":\"Infolettre - BytesJobs\",\"isPartOf\":{\"@id\":\"https:\\\/\\\/bytesjobs.com\\\/fr\\\/#website\"},\"datePublished\":\"2023-11-07T19:15:33+00:00\",\"dateModified\":\"2023-11-08T21:57:25+00:00\",\"breadcrumb\":{\"@id\":\"https:\\\/\\\/bytesjobs.com\\\/fr\\\/infolettre\\\/#breadcrumb\"},\"inLanguage\":\"fr-FR\",\"potentialAction\":[{\"@type\":\"ReadAction\",\"target\":[\"https:\\\/\\\/bytesjobs.com\\\/fr\\\/infolettre\\\/\"]}]},{\"@type\":\"BreadcrumbList\",\"@id\":\"https:\\\/\\\/bytesjobs.com\\\/fr\\\/infolettre\\\/#breadcrumb\",\"itemListElement\":[{\"@type\":\"ListItem\",\"position\":1,\"name\":\"Home\",\"item\":\"https:\\\/\\\/bytesjobs.com\\\/fr\\\/\"},{\"@type\":\"ListItem\",\"position\":2,\"name\":\"Infolettre\"}]},{\"@type\":\"WebSite\",\"@id\":\"https:\\\/\\\/bytesjobs.com\\\/fr\\\/#website\",\"url\":\"https:\\\/\\\/bytesjobs.com\\\/fr\\\/\",\"name\":\"BytesJobs.com\",\"description\":\"IT Jobs around the world\",\"publisher\":{\"@id\":\"https:\\\/\\\/bytesjobs.com\\\/fr\\\/#organization\"},\"potentialAction\":[{\"@type\":\"SearchAction\",\"target\":{\"@type\":\"EntryPoint\",\"urlTemplate\":\"https:\\\/\\\/bytesjobs.com\\\/fr\\\/?s={search_term_string}\"},\"query-input\":{\"@type\":\"PropertyValueSpecification\",\"valueRequired\":true,\"valueName\":\"search_term_string\"}}],\"inLanguage\":\"fr-FR\"},{\"@type\":\"Organization\",\"@id\":\"https:\\\/\\\/bytesjobs.com\\\/fr\\\/#organization\",\"name\":\"BytesJobs.com\",\"url\":\"https:\\\/\\\/bytesjobs.com\\\/fr\\\/\",\"logo\":{\"@type\":\"ImageObject\",\"inLanguage\":\"fr-FR\",\"@id\":\"https:\\\/\\\/bytesjobs.com\\\/fr\\\/#\\\/schema\\\/logo\\\/image\\\/\",\"url\":\"https:\\\/\\\/bytesjobs.com\\\/wp-content\\\/uploads\\\/2023\\\/11\\\/logo-bytes-jobs.png\",\"contentUrl\":\"https:\\\/\\\/bytesjobs.com\\\/wp-content\\\/uploads\\\/2023\\\/11\\\/logo-bytes-jobs.png\",\"width\":720,\"height\":320,\"caption\":\"BytesJobs.com\"},\"image\":{\"@id\":\"https:\\\/\\\/bytesjobs.com\\\/fr\\\/#\\\/schema\\\/logo\\\/image\\\/\"}}]}<\/script>\n<!-- \/ Yoast SEO plugin. -->","yoast_head_json":{"title":"Infolettre - BytesJobs","robots":{"index":"index","follow":"follow","max-snippet":"max-snippet:-1","max-image-preview":"max-image-preview:large","max-video-preview":"max-video-preview:-1"},"canonical":"https:\/\/bytesjobs.com\/fr\/infolettre\/","og_locale":"fr_FR","og_type":"article","og_title":"Infolettre - BytesJobs","og_url":"https:\/\/bytesjobs.com\/fr\/infolettre\/","og_site_name":"BytesJobs","article_modified_time":"2023-11-08T21:57:25+00:00","twitter_card":"summary_large_image","twitter_misc":{"Dur\u00e9e de lecture estim\u00e9e":"2 minutes"},"schema":{"@context":"https:\/\/schema.org","@graph":[{"@type":"WebPage","@id":"https:\/\/bytesjobs.com\/fr\/infolettre\/","url":"https:\/\/bytesjobs.com\/fr\/infolettre\/","name":"Infolettre - BytesJobs","isPartOf":{"@id":"https:\/\/bytesjobs.com\/fr\/#website"},"datePublished":"2023-11-07T19:15:33+00:00","dateModified":"2023-11-08T21:57:25+00:00","breadcrumb":{"@id":"https:\/\/bytesjobs.com\/fr\/infolettre\/#breadcrumb"},"inLanguage":"fr-FR","potentialAction":[{"@type":"ReadAction","target":["https:\/\/bytesjobs.com\/fr\/infolettre\/"]}]},{"@type":"BreadcrumbList","@id":"https:\/\/bytesjobs.com\/fr\/infolettre\/#breadcrumb","itemListElement":[{"@type":"ListItem","position":1,"name":"Home","item":"https:\/\/bytesjobs.com\/fr\/"},{"@type":"ListItem","position":2,"name":"Infolettre"}]},{"@type":"WebSite","@id":"https:\/\/bytesjobs.com\/fr\/#website","url":"https:\/\/bytesjobs.com\/fr\/","name":"BytesJobs.com","description":"IT Jobs around the world","publisher":{"@id":"https:\/\/bytesjobs.com\/fr\/#organization"},"potentialAction":[{"@type":"SearchAction","target":{"@type":"EntryPoint","urlTemplate":"https:\/\/bytesjobs.com\/fr\/?s={search_term_string}"},"query-input":{"@type":"PropertyValueSpecification","valueRequired":true,"valueName":"search_term_string"}}],"inLanguage":"fr-FR"},{"@type":"Organization","@id":"https:\/\/bytesjobs.com\/fr\/#organization","name":"BytesJobs.com","url":"https:\/\/bytesjobs.com\/fr\/","logo":{"@type":"ImageObject","inLanguage":"fr-FR","@id":"https:\/\/bytesjobs.com\/fr\/#\/schema\/logo\/image\/","url":"https:\/\/bytesjobs.com\/wp-content\/uploads\/2023\/11\/logo-bytes-jobs.png","contentUrl":"https:\/\/bytesjobs.com\/wp-content\/uploads\/2023\/11\/logo-bytes-jobs.png","width":720,"height":320,"caption":"BytesJobs.com"},"image":{"@id":"https:\/\/bytesjobs.com\/fr\/#\/schema\/logo\/image\/"}}]}},"_links":{"self":[{"href":"https:\/\/bytesjobs.com\/fr\/wp-json\/wp\/v2\/pages\/83","targetHints":{"allow":["GET"]}}],"collection":[{"href":"https:\/\/bytesjobs.com\/fr\/wp-json\/wp\/v2\/pages"}],"about":[{"href":"https:\/\/bytesjobs.com\/fr\/wp-json\/wp\/v2\/types\/page"}],"author":[{"embeddable":true,"href":"https:\/\/bytesjobs.com\/fr\/wp-json\/wp\/v2\/users\/1"}],"replies":[{"embeddable":true,"href":"https:\/\/bytesjobs.com\/fr\/wp-json\/wp\/v2\/comments?post=83"}],"version-history":[{"count":5,"href":"https:\/\/bytesjobs.com\/fr\/wp-json\/wp\/v2\/pages\/83\/revisions"}],"predecessor-version":[{"id":102,"href":"https:\/\/bytesjobs.com\/fr\/wp-json\/wp\/v2\/pages\/83\/revisions\/102"}],"wp:attachment":[{"href":"https:\/\/bytesjobs.com\/fr\/wp-json\/wp\/v2\/media?parent=83"}],"curies":[{"name":"wp","href":"https:\/\/api.w.org\/{rel}","templated":true}]}}